{"id":3,"date":"2026-01-08T09:32:27","date_gmt":"2026-01-08T08:32:27","guid":{"rendered":"https:\/\/staging.ekitermik.com\/?page_id=3"},"modified":"2026-01-14T13:57:44","modified_gmt":"2026-01-14T12:57:44","slug":"politica-privacidad","status":"publish","type":"page","link":"https:\/\/ekitermik.com\/es\/politica-privacidad\/","title":{"rendered":"Pol\u00edtica de privacidad"},"content":{"rendered":"\n<h2 class=\"wp-block-heading\">INFORMACI\u00d3N EN MATERIA DE PROTECCI\u00d3N DE DATOS<\/h2>\n\n\n\n<p>En cumplimiento del Reglamento Europeo 2016\/679 de Protecci\u00f3n de Datos y la Ley 3\/2018 de Protecci\u00f3n de Datos Personales y garant\u00eda de los derechos digitales\u00a0EKITERMIK, S. COOP.\u00a0le informa a continuaci\u00f3n de nuestra pol\u00edtica de protecci\u00f3n de datos.<\/p>\n\n\n\n<h3 class=\"wp-block-heading\">\u00bfQUI\u00c9N ES EL RESPONSABLE DEL TRATAMIENTO DE SUS DATOS?<\/h3>\n\n\n\n<ul class=\"wp-block-list\">\n<li><strong>Denominaci\u00f3n Social:<\/strong>\u00a0EKITERMIK, S.COOP. (en adelante, \u201cEKITERMIK\u201d)<\/li>\n\n\n\n<li><strong>N\u00famero de identificaci\u00f3n Fiscal:<\/strong>\u00a0F75150169<\/li>\n\n\n\n<li><strong>Datos Mercantiles:<\/strong>\u00a0Inscrita en el Registro de Cooperativas de Euskadi al folio 197 Asiento 1.<\/li>\n\n\n\n<li><strong>Domicilio Social:<\/strong>\u00a0Goru Kalea,1, 20500, Arrasate-Mondrag\u00f3n, Gipuzkoa.<\/li>\n<\/ul>\n\n\n\n<h3 class=\"wp-block-heading\">\u00bfCON QU\u00c9 FINALIDAD TRATAMOS SUS DATOS PERSONALES?<\/h3>\n\n\n\n<p>Sus datos ser\u00e1n incorporados en el fichero de Contactos con la finalidad de gestionar su petici\u00f3n y poderle dar respuesta. Sus datos ser\u00e1n conservados hasta que se resuelva la petici\u00f3n, y no ser\u00e1n transmitidos a terceros.<\/p>\n\n\n\n<h3 class=\"wp-block-heading\">\u00bfCU\u00c1L ES LA LEGITIMACI\u00d3N PARA EL TRATAMIENTO DE SUS DATOS?<\/h3>\n\n\n\n<p>Sus datos proporcionados para atender su consulta se tratar\u00e1n en base al inter\u00e9s leg\u00edtimo de EKITERMIK de conformidad con el art\u00edculo 6.1.f) del Reglamento General de Protecci\u00f3n de Datos.<\/p>\n\n\n\n<h3 class=\"wp-block-heading\">\u00bfA QUI\u00c9N COMUNICAMOS SUS DATOS PERSONALES?<\/h3>\n\n\n\n<p>Los datos podr\u00e1n comunicarse a organizaciones p\u00fablicas o privadas que sea necesario para dar cumplimiento a obligaciones legalmente establecidas y, en su caso, a EKITERMIK, S. Coop., con fines administrativos internos, en base a nuestro inter\u00e9s leg\u00edtimo.<\/p>\n\n\n\n<h3 class=\"wp-block-heading\">\u00bfSE REALIZAN TRANSFERENCIAS INTERNACIONALES DE DATOS?<\/h3>\n\n\n\n<p>No se prev\u00e9 la realizaci\u00f3n de transferencias internacionales de sus datos personales.<\/p>\n\n\n\n<h3 class=\"wp-block-heading\">\u00bfDURANTE CU\u00c1NTO TIEMPO CONSERVAMOS SUS DATOS PERSONALES?<\/h3>\n\n\n\n<p>La informaci\u00f3n referida a consultas y\/o solicitudes se eliminar\u00e1 peri\u00f3dicamente y, en todo caso, se revisar\u00e1 y eliminar\u00e1 anualmente.<\/p>\n\n\n\n<h3 class=\"wp-block-heading\">\u00bfCU\u00c1LES SON SUS DERECHOS EN RELACI\u00d3N CON EL TRATAMIENTO DE SUS DATOS PERSONALES?<\/h3>\n\n\n\n<p>Puede ejercer sus derechos de acceso, rectificaci\u00f3n, supresi\u00f3n y portabilidad de sus datos, de limitaci\u00f3n y oposici\u00f3n al tratamiento, as\u00ed como a no ser objeto de decisiones basadas \u00fanicamente en el tratamiento automatizado de sus datos, cuando procedan, en la direcci\u00f3n de correo electr\u00f3nico\u00a0<a href=\"mailto:ekitermik@ekitermik.com\">ekitermik@ekitermik.com<\/a>\u00a0y en la direcci\u00f3n postal Goru Kalea,1, 20500, Arrasate-Mondrag\u00f3n, Gipuzkoa. Ser\u00e1 necesario que aporte copia de su DNI e indique claramente cu\u00e1l es el derecho que desea ejercer. Si considera que el ejercicio de sus derechos no ha sido satisfecho, tiene derecho a presentar una reclamaci\u00f3n ante la Agencia Espa\u00f1ola de Protecci\u00f3n de Datos.<\/p>\n\n\n\n<h3 class=\"wp-block-heading\">PROTECCI\u00d3N DE DATOS DE CAR\u00c1CTER PERSONAL<\/h3>\n\n\n\n<p>Los datos personales recogidos a trav\u00e9s de la p\u00e1gina web\u00a0<a href=\"http:\/\/www.ekitermik.com\/\">www.ekitermik.com<\/a>\u00a0ser\u00e1n tratados de acuerdo con lo establecido en la normativa vigente de protecci\u00f3n de datos personales (Reglamento (UE) 2016\/679, General de Protecci\u00f3n de Datos y de la Ley Org\u00e1nica 3\/2018, de 5 de diciembre, de Protecci\u00f3n de Datos Personales y garant\u00eda de los derechos digitales).<\/p>\n\n\n\n<h3 class=\"wp-block-heading\">MEDIDAS DE SEGURIDAD<\/h3>\n\n\n\n<p>EKITERMIK le informa que tiene implantadas las medidas de seguridad t\u00e9cnicas y organizativas necesarias para garantizar la seguridad de sus datos personales y evitar su alteraci\u00f3n, p\u00e9rdida y tratamiento y\/o acceso no autorizado, habida cuenta del estado de la tecnolog\u00eda, la naturaleza de los datos almacenados y los riesgos a que est\u00e1n expuestos. Todo ello de conformidad con lo establecido en la normativa vigente de protecci\u00f3n de datos personales (Reglamento (UE) 2016\/679, General de Protecci\u00f3n de Datos y la Ley Org\u00e1nica 3\/2018, de 5 de diciembre, de Protecci\u00f3n de Datos Personales y garant\u00eda de los derechos digitales).<\/p>\n","protected":false},"excerpt":{"rendered":"<p>INFORMACI\u00d3N EN MATERIA DE PROTECCI\u00d3N DE DATOS En cumplimiento del Reglamento Europeo 2016\/679 de Protecci\u00f3n de Datos y la Ley 3\/2018 de Protecci\u00f3n de Datos Personales y garant\u00eda de los&#8230;<\/p>\n","protected":false},"author":1,"featured_media":0,"parent":0,"menu_order":0,"comment_status":"closed","ping_status":"open","template":"","meta":{"footnotes":""},"class_list":["post-3","page","type-page","status-publish"],"yoast_head":"<!-- This site is optimized with the Yoast SEO plugin v27.4 - https:\/\/yoast.com\/product\/yoast-seo-wordpress\/ -->\n<title>Pol\u00edtica de privacidad - Ekitermik<\/title>\n<meta name=\"robots\" content=\"index, follow, max-snippet:-1, max-image-preview:large, max-video-preview:-1\" \/>\n<link rel=\"canonical\" href=\"https:\/\/ekitermik.com\/es\/politica-privacidad\/\" \/>\n<meta property=\"og:locale\" content=\"es_ES\" \/>\n<meta property=\"og:type\" content=\"article\" \/>\n<meta property=\"og:title\" content=\"Pol\u00edtica de privacidad - Ekitermik\" \/>\n<meta property=\"og:description\" content=\"INFORMACI\u00d3N EN MATERIA DE PROTECCI\u00d3N DE DATOS En cumplimiento del Reglamento Europeo 2016\/679 de Protecci\u00f3n de Datos y la Ley 3\/2018 de Protecci\u00f3n de Datos Personales y garant\u00eda de los...\" \/>\n<meta property=\"og:url\" content=\"https:\/\/ekitermik.com\/es\/politica-privacidad\/\" \/>\n<meta property=\"og:site_name\" content=\"Ekitermik\" \/>\n<meta property=\"article:modified_time\" content=\"2026-01-14T12:57:44+00:00\" \/>\n<meta name=\"twitter:card\" content=\"summary_large_image\" \/>\n<meta name=\"twitter:label1\" content=\"Tiempo de lectura\" \/>\n\t<meta name=\"twitter:data1\" content=\"3 minutos\" \/>\n<script type=\"application\/ld+json\" class=\"yoast-schema-graph\">{\"@context\":\"https:\\\/\\\/schema.org\",\"@graph\":[{\"@type\":\"WebPage\",\"@id\":\"https:\\\/\\\/ekitermik.com\\\/es\\\/politica-privacidad\\\/\",\"url\":\"https:\\\/\\\/ekitermik.com\\\/es\\\/politica-privacidad\\\/\",\"name\":\"Pol\u00edtica de privacidad - Ekitermik\",\"isPartOf\":{\"@id\":\"https:\\\/\\\/ekitermik.com\\\/es\\\/#website\"},\"datePublished\":\"2026-01-08T08:32:27+00:00\",\"dateModified\":\"2026-01-14T12:57:44+00:00\",\"breadcrumb\":{\"@id\":\"https:\\\/\\\/ekitermik.com\\\/es\\\/politica-privacidad\\\/#breadcrumb\"},\"inLanguage\":\"es\",\"potentialAction\":[{\"@type\":\"ReadAction\",\"target\":[\"https:\\\/\\\/ekitermik.com\\\/es\\\/politica-privacidad\\\/\"]}]},{\"@type\":\"BreadcrumbList\",\"@id\":\"https:\\\/\\\/ekitermik.com\\\/es\\\/politica-privacidad\\\/#breadcrumb\",\"itemListElement\":[{\"@type\":\"ListItem\",\"position\":1,\"name\":\"Portada\",\"item\":\"https:\\\/\\\/ekitermik.com\\\/es\\\/\"},{\"@type\":\"ListItem\",\"position\":2,\"name\":\"Pol\u00edtica de privacidad\"}]},{\"@type\":\"WebSite\",\"@id\":\"https:\\\/\\\/ekitermik.com\\\/es\\\/#website\",\"url\":\"https:\\\/\\\/ekitermik.com\\\/es\\\/\",\"name\":\"Ekitermik\",\"description\":\"Ekitermik analiza energ\u00e9ticamente la vivienda y propone las mejores soluciones para ahorrar energ\u00eda. Soluciones Integrales de Gesti\u00f3n y Ahorro Energ\u00e9tico.\",\"publisher\":{\"@id\":\"https:\\\/\\\/ekitermik.com\\\/es\\\/#organization\"},\"potentialAction\":[{\"@type\":\"SearchAction\",\"target\":{\"@type\":\"EntryPoint\",\"urlTemplate\":\"https:\\\/\\\/ekitermik.com\\\/es\\\/?s={search_term_string}\"},\"query-input\":{\"@type\":\"PropertyValueSpecification\",\"valueRequired\":true,\"valueName\":\"search_term_string\"}}],\"inLanguage\":\"es\"},{\"@type\":\"Organization\",\"@id\":\"https:\\\/\\\/ekitermik.com\\\/es\\\/#organization\",\"name\":\"Ekitermik\",\"url\":\"https:\\\/\\\/ekitermik.com\\\/es\\\/\",\"logo\":{\"@type\":\"ImageObject\",\"inLanguage\":\"es\",\"@id\":\"https:\\\/\\\/ekitermik.com\\\/es\\\/#\\\/schema\\\/logo\\\/image\\\/\",\"url\":\"https:\\\/\\\/staging.ekitermik.com\\\/wp-content\\\/uploads\\\/2026\\\/01\\\/ekitermik-logotipoa.png\",\"contentUrl\":\"https:\\\/\\\/staging.ekitermik.com\\\/wp-content\\\/uploads\\\/2026\\\/01\\\/ekitermik-logotipoa.png\",\"width\":653,\"height\":140,\"caption\":\"Ekitermik\"},\"image\":{\"@id\":\"https:\\\/\\\/ekitermik.com\\\/es\\\/#\\\/schema\\\/logo\\\/image\\\/\"}}]}<\/script>\n<!-- \/ Yoast SEO plugin. -->","yoast_head_json":{"title":"Pol\u00edtica de privacidad - Ekitermik","robots":{"index":"index","follow":"follow","max-snippet":"max-snippet:-1","max-image-preview":"max-image-preview:large","max-video-preview":"max-video-preview:-1"},"canonical":"https:\/\/ekitermik.com\/es\/politica-privacidad\/","og_locale":"es_ES","og_type":"article","og_title":"Pol\u00edtica de privacidad - Ekitermik","og_description":"INFORMACI\u00d3N EN MATERIA DE PROTECCI\u00d3N DE DATOS En cumplimiento del Reglamento Europeo 2016\/679 de Protecci\u00f3n de Datos y la Ley 3\/2018 de Protecci\u00f3n de Datos Personales y garant\u00eda de los...","og_url":"https:\/\/ekitermik.com\/es\/politica-privacidad\/","og_site_name":"Ekitermik","article_modified_time":"2026-01-14T12:57:44+00:00","twitter_card":"summary_large_image","twitter_misc":{"Tiempo de lectura":"3 minutos"},"schema":{"@context":"https:\/\/schema.org","@graph":[{"@type":"WebPage","@id":"https:\/\/ekitermik.com\/es\/politica-privacidad\/","url":"https:\/\/ekitermik.com\/es\/politica-privacidad\/","name":"Pol\u00edtica de privacidad - Ekitermik","isPartOf":{"@id":"https:\/\/ekitermik.com\/es\/#website"},"datePublished":"2026-01-08T08:32:27+00:00","dateModified":"2026-01-14T12:57:44+00:00","breadcrumb":{"@id":"https:\/\/ekitermik.com\/es\/politica-privacidad\/#breadcrumb"},"inLanguage":"es","potentialAction":[{"@type":"ReadAction","target":["https:\/\/ekitermik.com\/es\/politica-privacidad\/"]}]},{"@type":"BreadcrumbList","@id":"https:\/\/ekitermik.com\/es\/politica-privacidad\/#breadcrumb","itemListElement":[{"@type":"ListItem","position":1,"name":"Portada","item":"https:\/\/ekitermik.com\/es\/"},{"@type":"ListItem","position":2,"name":"Pol\u00edtica de privacidad"}]},{"@type":"WebSite","@id":"https:\/\/ekitermik.com\/es\/#website","url":"https:\/\/ekitermik.com\/es\/","name":"Ekitermik","description":"Ekitermik analiza energ\u00e9ticamente la vivienda y propone las mejores soluciones para ahorrar energ\u00eda. Soluciones Integrales de Gesti\u00f3n y Ahorro Energ\u00e9tico.","publisher":{"@id":"https:\/\/ekitermik.com\/es\/#organization"},"potentialAction":[{"@type":"SearchAction","target":{"@type":"EntryPoint","urlTemplate":"https:\/\/ekitermik.com\/es\/?s={search_term_string}"},"query-input":{"@type":"PropertyValueSpecification","valueRequired":true,"valueName":"search_term_string"}}],"inLanguage":"es"},{"@type":"Organization","@id":"https:\/\/ekitermik.com\/es\/#organization","name":"Ekitermik","url":"https:\/\/ekitermik.com\/es\/","logo":{"@type":"ImageObject","inLanguage":"es","@id":"https:\/\/ekitermik.com\/es\/#\/schema\/logo\/image\/","url":"https:\/\/staging.ekitermik.com\/wp-content\/uploads\/2026\/01\/ekitermik-logotipoa.png","contentUrl":"https:\/\/staging.ekitermik.com\/wp-content\/uploads\/2026\/01\/ekitermik-logotipoa.png","width":653,"height":140,"caption":"Ekitermik"},"image":{"@id":"https:\/\/ekitermik.com\/es\/#\/schema\/logo\/image\/"}}]}},"_links":{"self":[{"href":"https:\/\/ekitermik.com\/es\/wp-json\/wp\/v2\/pages\/3","targetHints":{"allow":["GET"]}}],"collection":[{"href":"https:\/\/ekitermik.com\/es\/wp-json\/wp\/v2\/pages"}],"about":[{"href":"https:\/\/ekitermik.com\/es\/wp-json\/wp\/v2\/types\/page"}],"author":[{"embeddable":true,"href":"https:\/\/ekitermik.com\/es\/wp-json\/wp\/v2\/users\/1"}],"replies":[{"embeddable":true,"href":"https:\/\/ekitermik.com\/es\/wp-json\/wp\/v2\/comments?post=3"}],"version-history":[{"count":1,"href":"https:\/\/ekitermik.com\/es\/wp-json\/wp\/v2\/pages\/3\/revisions"}],"predecessor-version":[{"id":280,"href":"https:\/\/ekitermik.com\/es\/wp-json\/wp\/v2\/pages\/3\/revisions\/280"}],"wp:attachment":[{"href":"https:\/\/ekitermik.com\/es\/wp-json\/wp\/v2\/media?parent=3"}],"curies":[{"name":"wp","href":"https:\/\/api.w.org\/{rel}","templated":true}]}}