{"id":284,"date":"2026-01-14T14:25:44","date_gmt":"2026-01-14T13:25:44","guid":{"rendered":"https:\/\/staging.ekitermik.com\/?page_id=284"},"modified":"2026-01-14T14:27:59","modified_gmt":"2026-01-14T13:27:59","slug":"politica-de-cookies","status":"publish","type":"page","link":"https:\/\/ekitermik.com\/es\/politica-de-cookies\/","title":{"rendered":"Pol\u00edtica de cookies"},"content":{"rendered":"\n<h1 class=\"wp-block-heading\">Pol\u00edtica de cookies<\/h1>\n\n\n\n<p>Les informamos que en la web\u00a0<a href=\"https:\/\/www.ekitermik.com\/\">www.ekitermik.com<\/a>, el sistema de navegaci\u00f3n utiliza algunos datos de navegaci\u00f3n (\u201cCookies\u201d) para poder ofrecer un servicio m\u00e1s personalizado a los usuarios de la web.<\/p>\n\n\n\n<h2 class=\"wp-block-heading\">\u00bfQu\u00e9 es una cookie?<\/h2>\n\n\n\n<p>Una cookie es un archivo inform\u00e1tico que un servidor web puede procesar en el dispositivo (ordenador, tel\u00e9fono, tablet, etc.) con el que se conecta la persona usuaria, con el fin de reconocer sus caracter\u00edsticas o preferencias cuando se vuelva a conectar, o de facilitar el uso y la navegaci\u00f3n por el sitio web, aportando diversas ventajas en la prestaci\u00f3n de servicios interactivos. Las cookies se utilizan, entre otras finalidades, para gestionar la sesi\u00f3n de la persona usuaria (por ejemplo, reduciendo el n\u00famero de veces que tiene que incluir su contrase\u00f1a) o para adecuar los contenidos de un sitio web a sus preferencias (por ejemplo, idioma). Las cookies pueden ser de \u201csesi\u00f3n\u201d, por lo que se borrar\u00e1n una vez la persona usuaria abandone el sitio web que las gener\u00f3 o \u201cpersistentes\u201d, que permanecen en su dispositivo hasta una fecha determinada.\u00a0<\/p>\n\n\n\n<h2 class=\"wp-block-heading\">\u00bfQu\u00e9 tipo de cookies utiliza este sitio web?<\/h2>\n\n\n\n<p>Este sitio web utiliza diferentes tipos de cookies, con las finalidades que se detallan a continuaci\u00f3n:<\/p>\n\n\n\n<ul class=\"wp-block-list\">\n<li>Cookies de an\u00e1lisis: permiten el seguimiento y an\u00e1lisis del comportamiento de las personas usuarias del sitio web. La informaci\u00f3n recogida mediante este tipo de cookies se utiliza en la medici\u00f3n de la actividad del sitio web, con el fin de introducir mejoras en funci\u00f3n del an\u00e1lisis de los datos de uso que hacen las personas usuarias (por ejemplo, Google Analytics).<\/li>\n\n\n\n<li>Cookies t\u00e9cnicas: permiten a la persona usuaria la navegaci\u00f3n a trav\u00e9s de este sitio web y la utilizaci\u00f3n de diferentes opciones que en \u00e9l pueden existir como, por ejemplo, identificar la sesi\u00f3n, gestionar los par\u00e1metros introducidos o compartir contenidos a trav\u00e9s de redes sociales.<\/li>\n<\/ul>\n\n\n\n<h2 class=\"wp-block-heading\">Cookies t\u00e9cnicas y de personalizaci\u00f3n utilizadas en este sitio web<\/h2>\n\n\n\n<figure class=\"wp-block-table\"><table><thead><tr><th>Cookie<\/th><th>Duraci\u00f3n<\/th><th>Tipo<\/th><th>Finalidad<\/th><\/tr><\/thead><tbody><tr><td>wp_lang<\/td><td>Sesi\u00f3n<\/td><td>T\u00e9cnica<\/td><td>Cookie utilizada para almacenar el idioma actual.<\/td><\/tr><tr><td>pll_language<\/td><td>1 a\u00f1o<\/td><td>T\u00e9cnica<\/td><td>Cookie utilizada para almacenar el idioma actual.<\/td><\/tr><tr><td>_GRECAPTCHA<\/td><td>100 d\u00edas<\/td><td>T\u00e9cnica<\/td><td>Cookie utilizada para distinguir a los usuarios reales de los robots en formularios de captchas.<\/td><\/tr><tr><td>moove_gdpr_popup<\/td><td>126 d\u00edas<\/td><td>T\u00e9cnica<\/td><td>Cookie utilizada para almacenar las preferencias de consentimiento de cookies del usuario en un sitio web.<\/td><\/tr><tr><td>_ga<\/td><td>2 a\u00f1os<\/td><td>Anal\u00edtica<\/td><td>Cookie utilizada para distinguir a los usuarios.<\/td><\/tr><tr><td>_ga_&lt;container_id><\/td><td>2 a\u00f1os<\/td><td>Anal\u00edtica<\/td><td>Cookie utilizada para mantener el estado de la sesi\u00f3n.<\/td><\/tr><tr><td>__Secure-ENID<\/td><td>13 meses<\/td><td>Anal\u00edtica<\/td><td>Cookie utilizada para rastrear la actividad del usuario en el sitio web con fines anal\u00edticos.<\/td><\/tr><tr><td>HSID<\/td><td>21 d\u00edas<\/td><td>Anal\u00edtica<\/td><td>Cookie utilizada para mantener la sesi\u00f3n del usuario activa y autenticar al usuario en servicios de Google.<\/td><\/tr><tr><td>AEC<\/td><td>62 d\u00edas<\/td><td>Anal\u00edtica<\/td><td>Cookie utilizada para autenticar a los usuarios y evitar el acceso no autorizado a las cuentas.<\/td><\/tr><tr><td>SID<\/td><td>156 d\u00edas<\/td><td>Anal\u00edtica<\/td><td>Cookie utilizada para mantener la sesi\u00f3n del usuario activa y autenticar al usuario en servicios de Google.<\/td><\/tr><tr><td>SIDCC<\/td><td>79 d\u00edas<\/td><td>Anal\u00edtica<\/td><td>Cookie utilizada para mantener la sesi\u00f3n del usuario activa y autenticar al usuario en servicios de Google.<\/td><\/tr><tr><td>SOCS<\/td><td>13 meses<\/td><td>Anal\u00edtica<\/td><td>Cookie de Google para guardar la selecci\u00f3n de cookies de un usuario.<\/td><\/tr><tr><td>APISID<\/td><td>40 d\u00edas<\/td><td>Anal\u00edtica<\/td><td>Identifica de manera \u00fanica al usuario para ofrecerle publicidad personalizada.<\/td><\/tr><tr><td>SAPISID<\/td><td>41 d\u00edas<\/td><td>Anal\u00edtica<\/td><td>Identifica de manera \u00fanica al usuario para ofrecerle publicidad personalizada.<\/td><\/tr><tr><td>NID<\/td><td>231 d\u00edas<\/td><td>Anal\u00edtica<\/td><td>Cookie de Google utilizada para personalizar anuncios en los servicios de Google, como la B\u00fasqueda de Google.<\/td><\/tr><tr><td>SSID<\/td><td>21 d\u00edas<\/td><td>Anal\u00edtica<\/td><td>Cookie utilizada para recopilar informaci\u00f3n sobre las preferencias del usuario y personalizar la publicidad.<\/td><\/tr><tr><td>OTZ<\/td><td>33 d\u00edas<\/td><td>Anal\u00edtica<\/td><td>Cookie utilizada por Google para personalizar la publicidad que se muestra a los usuarios seg\u00fan sus intereses.<\/td><\/tr><tr><td>DV<\/td><td>Sesi\u00f3n<\/td><td>Anal\u00edtica<\/td><td>Cookie utilizada para identificar si el usuario ha iniciado sesi\u00f3n con su cuenta de Google.<\/td><\/tr><tr><td>__Secure-1PAPISID<\/td><td>51 d\u00edas<\/td><td>Anal\u00edtica<\/td><td>Identifica de manera \u00fanica al usuario para ofrecerle publicidad personalizada.<\/td><\/tr><tr><td>__Secure-3PAPISID<\/td><td>51 d\u00edas<\/td><td>Anal\u00edtica<\/td><td>Identifica de manera \u00fanica al usuario para ofrecerle publicidad personalizada.<\/td><\/tr><tr><td>__Secure-1PSID<\/td><td>167 d\u00edas<\/td><td>Anal\u00edtica<\/td><td>Cookie utilizada para mantener la sesi\u00f3n del usuario activa y autenticar al usuario en servicios de Google.<\/td><\/tr><tr><td>__Secure-1PSIDTS<\/td><td>94 d\u00edas<\/td><td>Anal\u00edtica<\/td><td>Cookie utilizada por Google para almacenar informaci\u00f3n sobre c\u00f3mo utiliza el usuario el sitio web y cualquier publicidad que haya visto antes de visitar el sitio.<\/td><\/tr><tr><td>__Secure-1PSIDCC<\/td><td>92 d\u00edas<\/td><td>Anal\u00edtica<\/td><td>Cookie utilizada por Google para almacenar informaci\u00f3n sobre c\u00f3mo utiliza el usuario el sitio web y cualquier publicidad que haya visto antes de visitar el sitio.<\/td><\/tr><tr><td>__Secure-3PSID<\/td><td>167 d\u00edas<\/td><td>Anal\u00edtica<\/td><td>Cookie utilizada para mantener la sesi\u00f3n del usuario activa y autenticar al usuario en servicios de Google.<\/td><\/tr><tr><td>__Secure-3PSIDTS<\/td><td>94 d\u00edas<\/td><td>Anal\u00edtica<\/td><td>Cookie utilizada por Google para almacenar informaci\u00f3n sobre c\u00f3mo utiliza el usuario el sitio web y cualquier publicidad que haya visto antes de visitar el sitio.<\/td><\/tr><tr><td>__Secure-3PSIDCC<\/td><td>92 d\u00edas<\/td><td>Anal\u00edtica<\/td><td>Cookie utilizada por Google para almacenar informaci\u00f3n sobre c\u00f3mo utiliza el usuario el sitio web y cualquier publicidad que haya visto antes de visitar el sitio.<\/td><\/tr><\/tbody><\/table><\/figure>\n\n\n\n<h2 class=\"wp-block-heading\">\u00bfC\u00f3mo se pueden desactivar o eliminar las cookies?<\/h2>\n\n\n\n<p>Adem\u00e1s de la aceptaci\u00f3n o rechazo al uso de cookies anal\u00edticas en el sitio web, los navegadores web son herramientas adecuadas para gestionar las cookies. La persona usuaria, si lo desea, pueda desactivar y\/o eliminar las cookies, total o parcialmente, en cualquier momento. Para ello debe consultar las opciones de configuraci\u00f3n para el tratamiento de cookies que facilitan los diferentes navegadores.<\/p>\n\n\n\n<p>En los siguientes enlaces, podr\u00e1 encontrar instrucciones que le ayudar\u00e1n a configurar los ajustes de los principales navegadores m\u00e1s utilizados.<\/p>\n\n\n\n<ul class=\"wp-block-list\">\n<li>Internet Explorer:\u00a0<a href=\"https:\/\/support.microsoft.com\/es-es\/help\/17442\/windows-internet-explorer-delete-manage-cookies\">https:\/\/support.microsoft.com\/es-es\/help\/17442\/windows-internet-explorer-delete-manage-cookies<\/a><\/li>\n\n\n\n<li>Microsoft Edge:\u00a0<a href=\"https:\/\/support.microsoft.com\/es-es\/help\/4027947\/microsoft-edge-delete-cookies\">https:\/\/support.microsoft.com\/es-es\/help\/4027947\/microsoft-edge-delete-cookies<\/a><\/li>\n\n\n\n<li>Google Chrome:\u00a0<a href=\"https:\/\/support.google.com\/chrome\/answer\/95647?hl=es\">https:\/\/support.google.com\/chrome\/answer\/95647?hl=es<\/a><\/li>\n\n\n\n<li>Mozilla Firefox:\u00a0\u00a0<a href=\"http:\/\/support.mozilla.org\/es\/kb\/habilitar-y-deshabilitar-cookies-que-los-sitios-we\">http:\/\/support.mozilla.org\/es\/kb\/habilitar-y-deshabilitar-cookies-que-los-sitios-we<\/a>\u00a0<\/li>\n\n\n\n<li>Safari:\u00a0\u00a0<a href=\"http:\/\/support.apple.com\/kb\/ph5042\">http:\/\/support.apple.com\/kb\/ph5042<\/a>\u00a0<\/li>\n\n\n\n<li>Safari para IOS (Iphone, IPad):\u00a0\u00a0<a href=\"http:\/\/support.apple.com\/kb\/ht1677?viewlocale=es_es&amp;locale=es_es\">http:\/\/support.apple.com\/kb\/ht1677?viewlocale=es_es&amp;locale=es_es<\/a>\u00a0<\/li>\n\n\n\n<li>Chrome para Android:\u00a0\u00a0<a href=\"https:\/\/support.google.com\/chrome\/answer\/2392971?hl=es\">https:\/\/support.google.com\/chrome\/answer\/2392971?hl=es<\/a><\/li>\n<\/ul>\n\n\n\n<p>Si desea m\u00e1s informaci\u00f3n sobre las cookies y su manera de deshabilitarlas seg\u00fan su sistema de navegaci\u00f3n puede consultar los siguientes links:&nbsp;<a href=\"http:\/\/www.aboutcookies.org\/\">www.aboutcookies.org<\/a>&nbsp;y&nbsp;<a href=\"http:\/\/www.aboutcookies.org\/Default.aspx?page=1\">http:\/\/www.aboutcookies.org\/Default.aspx?page=1<\/a><\/p>\n","protected":false},"excerpt":{"rendered":"<p>Pol\u00edtica de cookies Les informamos que en la web\u00a0www.ekitermik.com, el sistema de navegaci\u00f3n utiliza algunos datos de navegaci\u00f3n (\u201cCookies\u201d) para poder ofrecer un servicio m\u00e1s personalizado a los usuarios de&#8230;<\/p>\n","protected":false},"author":1,"featured_media":0,"parent":0,"menu_order":0,"comment_status":"closed","ping_status":"open","template":"","meta":{"footnotes":""},"class_list":["post-284","page","type-page","status-publish"],"yoast_head":"<!-- This site is optimized with the Yoast SEO plugin v27.4 - https:\/\/yoast.com\/product\/yoast-seo-wordpress\/ -->\n<title>Pol\u00edtica de cookies - Ekitermik<\/title>\n<meta name=\"robots\" content=\"index, follow, max-snippet:-1, max-image-preview:large, max-video-preview:-1\" \/>\n<link rel=\"canonical\" href=\"https:\/\/ekitermik.com\/es\/politica-de-cookies\/\" \/>\n<meta property=\"og:locale\" content=\"es_ES\" \/>\n<meta property=\"og:type\" content=\"article\" \/>\n<meta property=\"og:title\" content=\"Pol\u00edtica de cookies - Ekitermik\" \/>\n<meta property=\"og:description\" content=\"Pol\u00edtica de cookies Les informamos que en la web\u00a0www.ekitermik.com, el sistema de navegaci\u00f3n utiliza algunos datos de navegaci\u00f3n (\u201cCookies\u201d) para poder ofrecer un servicio m\u00e1s personalizado a los usuarios de...\" \/>\n<meta property=\"og:url\" content=\"https:\/\/ekitermik.com\/es\/politica-de-cookies\/\" \/>\n<meta property=\"og:site_name\" content=\"Ekitermik\" \/>\n<meta property=\"article:modified_time\" content=\"2026-01-14T13:27:59+00:00\" \/>\n<meta name=\"twitter:card\" content=\"summary_large_image\" \/>\n<meta name=\"twitter:label1\" content=\"Tiempo de lectura\" \/>\n\t<meta name=\"twitter:data1\" content=\"5 minutos\" \/>\n<script type=\"application\/ld+json\" class=\"yoast-schema-graph\">{\"@context\":\"https:\\\/\\\/schema.org\",\"@graph\":[{\"@type\":\"WebPage\",\"@id\":\"https:\\\/\\\/ekitermik.com\\\/es\\\/politica-de-cookies\\\/\",\"url\":\"https:\\\/\\\/ekitermik.com\\\/es\\\/politica-de-cookies\\\/\",\"name\":\"Pol\u00edtica de cookies - Ekitermik\",\"isPartOf\":{\"@id\":\"https:\\\/\\\/ekitermik.com\\\/es\\\/#website\"},\"datePublished\":\"2026-01-14T13:25:44+00:00\",\"dateModified\":\"2026-01-14T13:27:59+00:00\",\"breadcrumb\":{\"@id\":\"https:\\\/\\\/ekitermik.com\\\/es\\\/politica-de-cookies\\\/#breadcrumb\"},\"inLanguage\":\"es\",\"potentialAction\":[{\"@type\":\"ReadAction\",\"target\":[\"https:\\\/\\\/ekitermik.com\\\/es\\\/politica-de-cookies\\\/\"]}]},{\"@type\":\"BreadcrumbList\",\"@id\":\"https:\\\/\\\/ekitermik.com\\\/es\\\/politica-de-cookies\\\/#breadcrumb\",\"itemListElement\":[{\"@type\":\"ListItem\",\"position\":1,\"name\":\"Portada\",\"item\":\"https:\\\/\\\/ekitermik.com\\\/es\\\/\"},{\"@type\":\"ListItem\",\"position\":2,\"name\":\"Pol\u00edtica de cookies\"}]},{\"@type\":\"WebSite\",\"@id\":\"https:\\\/\\\/ekitermik.com\\\/es\\\/#website\",\"url\":\"https:\\\/\\\/ekitermik.com\\\/es\\\/\",\"name\":\"Ekitermik\",\"description\":\"Ekitermik analiza energ\u00e9ticamente la vivienda y propone las mejores soluciones para ahorrar energ\u00eda. Soluciones Integrales de Gesti\u00f3n y Ahorro Energ\u00e9tico.\",\"publisher\":{\"@id\":\"https:\\\/\\\/ekitermik.com\\\/es\\\/#organization\"},\"potentialAction\":[{\"@type\":\"SearchAction\",\"target\":{\"@type\":\"EntryPoint\",\"urlTemplate\":\"https:\\\/\\\/ekitermik.com\\\/es\\\/?s={search_term_string}\"},\"query-input\":{\"@type\":\"PropertyValueSpecification\",\"valueRequired\":true,\"valueName\":\"search_term_string\"}}],\"inLanguage\":\"es\"},{\"@type\":\"Organization\",\"@id\":\"https:\\\/\\\/ekitermik.com\\\/es\\\/#organization\",\"name\":\"Ekitermik\",\"url\":\"https:\\\/\\\/ekitermik.com\\\/es\\\/\",\"logo\":{\"@type\":\"ImageObject\",\"inLanguage\":\"es\",\"@id\":\"https:\\\/\\\/ekitermik.com\\\/es\\\/#\\\/schema\\\/logo\\\/image\\\/\",\"url\":\"https:\\\/\\\/staging.ekitermik.com\\\/wp-content\\\/uploads\\\/2026\\\/01\\\/ekitermik-logotipoa.png\",\"contentUrl\":\"https:\\\/\\\/staging.ekitermik.com\\\/wp-content\\\/uploads\\\/2026\\\/01\\\/ekitermik-logotipoa.png\",\"width\":653,\"height\":140,\"caption\":\"Ekitermik\"},\"image\":{\"@id\":\"https:\\\/\\\/ekitermik.com\\\/es\\\/#\\\/schema\\\/logo\\\/image\\\/\"}}]}<\/script>\n<!-- \/ Yoast SEO plugin. -->","yoast_head_json":{"title":"Pol\u00edtica de cookies - Ekitermik","robots":{"index":"index","follow":"follow","max-snippet":"max-snippet:-1","max-image-preview":"max-image-preview:large","max-video-preview":"max-video-preview:-1"},"canonical":"https:\/\/ekitermik.com\/es\/politica-de-cookies\/","og_locale":"es_ES","og_type":"article","og_title":"Pol\u00edtica de cookies - Ekitermik","og_description":"Pol\u00edtica de cookies Les informamos que en la web\u00a0www.ekitermik.com, el sistema de navegaci\u00f3n utiliza algunos datos de navegaci\u00f3n (\u201cCookies\u201d) para poder ofrecer un servicio m\u00e1s personalizado a los usuarios de...","og_url":"https:\/\/ekitermik.com\/es\/politica-de-cookies\/","og_site_name":"Ekitermik","article_modified_time":"2026-01-14T13:27:59+00:00","twitter_card":"summary_large_image","twitter_misc":{"Tiempo de lectura":"5 minutos"},"schema":{"@context":"https:\/\/schema.org","@graph":[{"@type":"WebPage","@id":"https:\/\/ekitermik.com\/es\/politica-de-cookies\/","url":"https:\/\/ekitermik.com\/es\/politica-de-cookies\/","name":"Pol\u00edtica de cookies - Ekitermik","isPartOf":{"@id":"https:\/\/ekitermik.com\/es\/#website"},"datePublished":"2026-01-14T13:25:44+00:00","dateModified":"2026-01-14T13:27:59+00:00","breadcrumb":{"@id":"https:\/\/ekitermik.com\/es\/politica-de-cookies\/#breadcrumb"},"inLanguage":"es","potentialAction":[{"@type":"ReadAction","target":["https:\/\/ekitermik.com\/es\/politica-de-cookies\/"]}]},{"@type":"BreadcrumbList","@id":"https:\/\/ekitermik.com\/es\/politica-de-cookies\/#breadcrumb","itemListElement":[{"@type":"ListItem","position":1,"name":"Portada","item":"https:\/\/ekitermik.com\/es\/"},{"@type":"ListItem","position":2,"name":"Pol\u00edtica de cookies"}]},{"@type":"WebSite","@id":"https:\/\/ekitermik.com\/es\/#website","url":"https:\/\/ekitermik.com\/es\/","name":"Ekitermik","description":"Ekitermik analiza energ\u00e9ticamente la vivienda y propone las mejores soluciones para ahorrar energ\u00eda. Soluciones Integrales de Gesti\u00f3n y Ahorro Energ\u00e9tico.","publisher":{"@id":"https:\/\/ekitermik.com\/es\/#organization"},"potentialAction":[{"@type":"SearchAction","target":{"@type":"EntryPoint","urlTemplate":"https:\/\/ekitermik.com\/es\/?s={search_term_string}"},"query-input":{"@type":"PropertyValueSpecification","valueRequired":true,"valueName":"search_term_string"}}],"inLanguage":"es"},{"@type":"Organization","@id":"https:\/\/ekitermik.com\/es\/#organization","name":"Ekitermik","url":"https:\/\/ekitermik.com\/es\/","logo":{"@type":"ImageObject","inLanguage":"es","@id":"https:\/\/ekitermik.com\/es\/#\/schema\/logo\/image\/","url":"https:\/\/staging.ekitermik.com\/wp-content\/uploads\/2026\/01\/ekitermik-logotipoa.png","contentUrl":"https:\/\/staging.ekitermik.com\/wp-content\/uploads\/2026\/01\/ekitermik-logotipoa.png","width":653,"height":140,"caption":"Ekitermik"},"image":{"@id":"https:\/\/ekitermik.com\/es\/#\/schema\/logo\/image\/"}}]}},"_links":{"self":[{"href":"https:\/\/ekitermik.com\/es\/wp-json\/wp\/v2\/pages\/284","targetHints":{"allow":["GET"]}}],"collection":[{"href":"https:\/\/ekitermik.com\/es\/wp-json\/wp\/v2\/pages"}],"about":[{"href":"https:\/\/ekitermik.com\/es\/wp-json\/wp\/v2\/types\/page"}],"author":[{"embeddable":true,"href":"https:\/\/ekitermik.com\/es\/wp-json\/wp\/v2\/users\/1"}],"replies":[{"embeddable":true,"href":"https:\/\/ekitermik.com\/es\/wp-json\/wp\/v2\/comments?post=284"}],"version-history":[{"count":2,"href":"https:\/\/ekitermik.com\/es\/wp-json\/wp\/v2\/pages\/284\/revisions"}],"predecessor-version":[{"id":286,"href":"https:\/\/ekitermik.com\/es\/wp-json\/wp\/v2\/pages\/284\/revisions\/286"}],"wp:attachment":[{"href":"https:\/\/ekitermik.com\/es\/wp-json\/wp\/v2\/media?parent=284"}],"curies":[{"name":"wp","href":"https:\/\/api.w.org\/{rel}","templated":true}]}}