{"id":24,"date":"2026-01-09T07:26:43","date_gmt":"2026-01-09T06:26:43","guid":{"rendered":"https:\/\/staging.ekitermik.com\/?page_id=24"},"modified":"2026-01-22T13:02:56","modified_gmt":"2026-01-22T12:02:56","slug":"trabajos-realizados","status":"publish","type":"page","link":"https:\/\/ekitermik.com\/es\/trabajos-realizados\/","title":{"rendered":"Trabajos realizados"},"content":{"rendered":"[vc_row type=\u00bbfull_width_background\u00bb full_screen_row_position=\u00bbmiddle\u00bb column_margin=\u00bbdefault\u00bb column_direction=\u00bbdefault\u00bb column_direction_tablet=\u00bbdefault\u00bb column_direction_phone=\u00bbdefault\u00bb bg_image=\u00bb329&#8243; bg_image_type=\u00bbdefault\u00bb bg_position=\u00bbcenter center\u00bb background_image_loading=\u00bbdefault\u00bb bg_repeat=\u00bbno-repeat\u00bb scene_position=\u00bbcenter\u00bb text_color=\u00bbdark\u00bb text_align=\u00bbleft\u00bb row_border_radius=\u00bbnone\u00bb row_border_radius_applies=\u00bbbg\u00bb row_position_desktop=\u00bbdefault\u00bb row_position_tablet=\u00bbinherit\u00bb row_position_phone=\u00bbinherit\u00bb overflow=\u00bbvisible\u00bb overlay_strength=\u00bb0.3&#8243; gradient_direction=\u00bbleft_to_right\u00bb shape_divider_position=\u00bbbottom\u00bb bg_image_animation=\u00bbnone\u00bb gradient_type=\u00bbdefault\u00bb shape_type=\u00bb\u00bb][vc_column top_padding_desktop=\u00bb20%\u00bb constrain_group_100=\u00bbyes\u00bb bottom_padding_desktop=\u00bb20%\u00bb left_padding_desktop=\u00bb20%\u00bb constrain_group_101=\u00bbyes\u00bb right_padding_desktop=\u00bb20%\u00bb top_padding_tablet=\u00bb30%\u00bb constrain_group_102=\u00bbyes\u00bb bottom_padding_tablet=\u00bb30%\u00bb left_padding_tablet=\u00bb10%\u00bb constrain_group_103=\u00bbyes\u00bb right_padding_tablet=\u00bb10%\u00bb top_padding_phone=\u00bb40%\u00bb constrain_group_104=\u00bbyes\u00bb bottom_padding_phone=\u00bb40%\u00bb column_element_direction_desktop=\u00bbdefault\u00bb column_element_spacing=\u00bb40px\u00bb desktop_text_alignment=\u00bbcenter\u00bb tablet_text_alignment=\u00bbdefault\u00bb phone_text_alignment=\u00bbdefault\u00bb background_color_opacity=\u00bb1&#8243; background_hover_color_opacity=\u00bb1&#8243; column_backdrop_filter=\u00bbnone\u00bb column_shadow=\u00bbnone\u00bb column_border_radius=\u00bbnone\u00bb column_link_target=\u00bb_self\u00bb column_position=\u00bbdefault\u00bb gradient_direction=\u00bbleft_to_right\u00bb overlay_strength=\u00bb0.3&#8243; width=\u00bb1\/1&#8243; tablet_width_inherit=\u00bbdefault\u00bb animation_type=\u00bbdefault\u00bb bg_image_animation=\u00bbnone\u00bb border_type=\u00bbsimple\u00bb column_border_width=\u00bbnone\u00bb column_border_style=\u00bbsolid\u00bb column_padding_type=\u00bbadvanced\u00bb content_layout=\u00bbdefault\u00bb gradient_type=\u00bbdefault\u00bb][vc_column_text css=\u00bb\u00bb text_direction=\u00bbdefault\u00bb]\n<h1>Trabajos realizados<\/h1>\n[\/vc_column_text][nectar_responsive_text inherited_font_style=\u00bbdefault\u00bb text_direction=\u00bbdefault\u00bb font_size_desktop=\u00bb18px\u00bb font_line_height=\u00bb140%\u00bb]Explora nuestros proyectos y descubre c\u00f3mo transformamos ideas en soluciones innovadoras. Cada trabajo refleja nuestra pasi\u00f3n, creatividad y compromiso con la excelencia.[\/nectar_responsive_text][\/vc_column][\/vc_row][vc_row type=\u00bbin_container\u00bb full_screen_row_position=\u00bbmiddle\u00bb column_margin=\u00bbdefault\u00bb column_direction=\u00bbdefault\u00bb column_direction_tablet=\u00bbdefault\u00bb column_direction_phone=\u00bbdefault\u00bb scene_position=\u00bbcenter\u00bb top_padding=\u00bb5%\u00bb top_padding_tablet=\u00bb10%\u00bb top_padding_phone=\u00bb15%\u00bb text_color=\u00bbdark\u00bb text_align=\u00bbleft\u00bb row_border_radius=\u00bbnone\u00bb row_border_radius_applies=\u00bbbg\u00bb row_position_desktop=\u00bbdefault\u00bb row_position_tablet=\u00bbinherit\u00bb row_position_phone=\u00bbinherit\u00bb overflow=\u00bbvisible\u00bb overlay_strength=\u00bb0.3&#8243; gradient_direction=\u00bbleft_to_right\u00bb shape_divider_position=\u00bbbottom\u00bb bg_image_animation=\u00bbnone\u00bb gradient_type=\u00bbdefault\u00bb shape_type=\u00bb\u00bb][vc_column column_padding=\u00bbno-extra-padding\u00bb column_padding_tablet=\u00bbinherit\u00bb column_padding_phone=\u00bbinherit\u00bb column_padding_position=\u00bball\u00bb flex_gap_desktop=\u00bb10px\u00bb column_element_direction_desktop=\u00bbdefault\u00bb column_element_spacing=\u00bbdefault\u00bb desktop_text_alignment=\u00bbdefault\u00bb tablet_text_alignment=\u00bbdefault\u00bb phone_text_alignment=\u00bbdefault\u00bb background_color_opacity=\u00bb1&#8243; background_hover_color_opacity=\u00bb1&#8243; column_backdrop_filter=\u00bbnone\u00bb column_shadow=\u00bbnone\u00bb column_border_radius=\u00bbnone\u00bb column_link_target=\u00bb_self\u00bb column_position=\u00bbdefault\u00bb gradient_direction=\u00bbleft_to_right\u00bb overlay_strength=\u00bb0.3&#8243; width=\u00bb1\/1&#8243; tablet_width_inherit=\u00bbdefault\u00bb animation_type=\u00bbdefault\u00bb bg_image_animation=\u00bbnone\u00bb border_type=\u00bbsimple\u00bb column_border_width=\u00bbnone\u00bb column_border_style=\u00bbsolid\u00bb]\t\t\t\t<div class=\"portfolio-filters-inline full-width-section non-fw\" data-alignment=\"center\" data-color-scheme=\"default\">\n\t\t\t\t\t<div class=\"container \">\n\t\t\t\t\t\t\t\t\t\t\t\t<ul>\n\t\t\t\t\t\t\t\t\t\t\t\t\t\t\t<li><a href=\"#\" data-filter=\"*\">All<\/a><\/li>\n\t\t\t\t\t\t\t\t<li><a href=\"#\" data-filter=\".puntos-de-recarga\">Puntos de recarga<\/a><\/li>\n\t\t\t\t\t\t\t<\/ul>\n\t\t\t\t\t\t\t<div class=\"clear\"><\/div>\n\t\t\t\t\t\t<\/div>\n\t\t\t\t\t<\/div>\n\t\t\t\t\n\n\n\t\t\t\t<div class=\"portfolio-wrap \">\n\n\t\t\t\t\t\n\t\t\t\t\t<span class=\"portfolio-loading  none\">   <\/span>\n\n\t\t\t\t\t\n\t\t\t\t\t<div class=\"row portfolio-items masonry-items  \" data-rcp=\"false\" data-masonry-type=\"default\" data-ps=\"8\" data-starting-filter=\"default\" data-gutter=\"default\" data-categories-to-show=\"\" data-bypass-cropping=\"true\" data-lightbox-only=\"0\" data-col-num=\"cols-2\">\n\t\t\t\t\t\t\n\t\t\t\t\t\t\n\t\t\t\t\t\t<div class=\"col span_6 regular element puntos-de-recarga \"  data-project-cat=\"puntos-de-recarga \" data-default-color=\"true\" data-title-color=\"\" data-subtitle-color=\"\">\n\n\t\t\t\t\t\t\t<div class=\"inner-wrap animated\" data-animation=\"none\">\n\n\t\t\t\t\t\t\t\t\n\t\t\t\t\t\t\t\t\t<div class=\"work-item style-2\" data-custom-content=\"off\">\n\n\t\t\t\t\t\t\t\t\t\t<img loading=\"lazy\" decoding=\"async\" class=\"size-regular skip-lazy\" src=\"https:\/\/ekitermik.com\/wp-content\/uploads\/2026\/01\/pexels-kervin-3976320-scaled.jpg\" alt=\"\" height=\"1707\" width=\"2560\" srcset=\"https:\/\/ekitermik.com\/wp-content\/uploads\/2026\/01\/pexels-kervin-3976320-scaled.jpg 2560w, https:\/\/ekitermik.com\/wp-content\/uploads\/2026\/01\/pexels-kervin-3976320-300x200.jpg 300w, https:\/\/ekitermik.com\/wp-content\/uploads\/2026\/01\/pexels-kervin-3976320-1024x683.jpg 1024w, https:\/\/ekitermik.com\/wp-content\/uploads\/2026\/01\/pexels-kervin-3976320-768x512.jpg 768w, https:\/\/ekitermik.com\/wp-content\/uploads\/2026\/01\/pexels-kervin-3976320-1536x1024.jpg 1536w, https:\/\/ekitermik.com\/wp-content\/uploads\/2026\/01\/pexels-kervin-3976320-2048x1365.jpg 2048w, https:\/\/ekitermik.com\/wp-content\/uploads\/2026\/01\/pexels-kervin-3976320-900x600.jpg 900w\" sizes=\"auto, (min-width: 1000px) 50vw, (min-width: 690px) 50vw, 100vw\" \/>\n\t\t\t\t\t\t\t\t\t\t<div class=\"work-info-bg\"><\/div>\n\t\t\t\t\t\t\t\t\t\t<div class=\"work-info\">\n\n\t\t\t\t\t\t\t\t\t\t\t\n\n\t\t\t\t\t\t\t\t\t\t\t\t\n\t\t\t\t\t\t\t\t\t\t\t\t\t<a href=\"https:\/\/ekitermik.com\/es\/portfolio\/proyecto-3\/\"><span class=\"screen-reader-text\">Proyecto 3<\/span><\/a>\n\n\t\t\t\t\t\t\t\t\t\t\t\t\n\n\t\t\t\t\t\t\t\t\t\t\t<div class=\"vert-center\">\n\t\t\t\t\t\t\t\t\t\t\t\t\t\t\t\t\t\t\t\t\t\t\t\t\t\t\t\t\t\t\t\t\t\t\t\t\t\t<h3>Proyecto 3<\/h3>\n\n\t\t\t\t\t\t\t\t\t\t\t\t\t<svg class=\"next-arrow\" xmlns=\"http:\/\/www.w3.org\/2000\/svg\" xmlns:xlink=\"http:\/\/www.w3.org\/1999\/xlink\" viewBox=\"0 0 39 12\"><line class=\"top\" x1=\"23\" y1=\"-0.5\" x2=\"29.5\" y2=\"6.5\" stroke=\"#ffffff;\"\/><line class=\"bottom\" x1=\"23\" y1=\"12.5\" x2=\"29.5\" y2=\"5.5\" stroke=\"#ffffff;\"\/><\/svg><span class=\"line\"><\/span><\/span>\n\n\t\t\t\t\t\t\t\t\t\t\t\t\t\t\t\t\t\t\t\t\t\t\t<\/div><!--\/vert-center-->\n\n\t\t\t\t\t\t\t\t\t\t<\/div>\n\t\t\t\t\t\t\t\t\t<\/div><!--work-item-->\n\n\t\t\t\t\t\t\t\t\n\n\t\t\t\t\t\t\t<\/div><!--\/inner-wrap-->\n\t\t\t\t\t\t<\/div><!--\/col-->\n\n\t\t\t\t\t\n\t\t\t\t\t\t\n\t\t\t\t\t\t<div class=\"col span_6 wide element puntos-de-recarga \"  data-project-cat=\"puntos-de-recarga \" data-default-color=\"true\" data-title-color=\"\" data-subtitle-color=\"\">\n\n\t\t\t\t\t\t\t<div class=\"inner-wrap animated\" data-animation=\"none\">\n\n\t\t\t\t\t\t\t\t\n\t\t\t\t\t\t\t\t\t<div class=\"work-item style-2\" data-custom-content=\"off\">\n\n\t\t\t\t\t\t\t\t\t\t<img loading=\"lazy\" decoding=\"async\" class=\"size-wide skip-lazy\" src=\"https:\/\/ekitermik.com\/wp-content\/uploads\/2026\/01\/pexels-kervin-3976320-scaled.jpg\" alt=\"\" height=\"1707\" width=\"2560\" srcset=\"https:\/\/ekitermik.com\/wp-content\/uploads\/2026\/01\/pexels-kervin-3976320-scaled.jpg 2560w, https:\/\/ekitermik.com\/wp-content\/uploads\/2026\/01\/pexels-kervin-3976320-300x200.jpg 300w, https:\/\/ekitermik.com\/wp-content\/uploads\/2026\/01\/pexels-kervin-3976320-1024x683.jpg 1024w, https:\/\/ekitermik.com\/wp-content\/uploads\/2026\/01\/pexels-kervin-3976320-768x512.jpg 768w, https:\/\/ekitermik.com\/wp-content\/uploads\/2026\/01\/pexels-kervin-3976320-1536x1024.jpg 1536w, https:\/\/ekitermik.com\/wp-content\/uploads\/2026\/01\/pexels-kervin-3976320-2048x1365.jpg 2048w, https:\/\/ekitermik.com\/wp-content\/uploads\/2026\/01\/pexels-kervin-3976320-900x600.jpg 900w\" sizes=\"auto, (min-width: 1000px) 50vw, (min-width: 690px) 50vw, 100vw\" \/>\n\t\t\t\t\t\t\t\t\t\t<div class=\"work-info-bg\"><\/div>\n\t\t\t\t\t\t\t\t\t\t<div class=\"work-info\">\n\n\t\t\t\t\t\t\t\t\t\t\t\n\n\t\t\t\t\t\t\t\t\t\t\t\t\n\t\t\t\t\t\t\t\t\t\t\t\t\t<a href=\"https:\/\/ekitermik.com\/es\/portfolio\/proyecto\/\"><span class=\"screen-reader-text\">Proyecto 2<\/span><\/a>\n\n\t\t\t\t\t\t\t\t\t\t\t\t\n\n\t\t\t\t\t\t\t\t\t\t\t<div class=\"vert-center\">\n\t\t\t\t\t\t\t\t\t\t\t\t\t\t\t\t\t\t\t\t\t\t\t\t\t\t\t\t\t\t\t\t\t\t\t\t\t\t<h3>Proyecto 2<\/h3>\n\n\t\t\t\t\t\t\t\t\t\t\t\t\t<svg class=\"next-arrow\" xmlns=\"http:\/\/www.w3.org\/2000\/svg\" xmlns:xlink=\"http:\/\/www.w3.org\/1999\/xlink\" viewBox=\"0 0 39 12\"><line class=\"top\" x1=\"23\" y1=\"-0.5\" x2=\"29.5\" y2=\"6.5\" stroke=\"#ffffff;\"\/><line class=\"bottom\" x1=\"23\" y1=\"12.5\" x2=\"29.5\" y2=\"5.5\" stroke=\"#ffffff;\"\/><\/svg><span class=\"line\"><\/span><\/span>\n\n\t\t\t\t\t\t\t\t\t\t\t\t\t\t\t\t\t\t\t\t\t\t\t<\/div><!--\/vert-center-->\n\n\t\t\t\t\t\t\t\t\t\t<\/div>\n\t\t\t\t\t\t\t\t\t<\/div><!--work-item-->\n\n\t\t\t\t\t\t\t\t\n\n\t\t\t\t\t\t\t<\/div><!--\/inner-wrap-->\n\t\t\t\t\t\t<\/div><!--\/col-->\n\n\t\t\t\t\t\n\t\t\t\t\t\t\n\t\t\t\t\t\t<div class=\"col span_6 tall element puntos-de-recarga \"  data-project-cat=\"puntos-de-recarga \" data-default-color=\"true\" data-title-color=\"\" data-subtitle-color=\"\">\n\n\t\t\t\t\t\t\t<div class=\"inner-wrap animated\" data-animation=\"none\">\n\n\t\t\t\t\t\t\t\t\n\t\t\t\t\t\t\t\t\t<div class=\"work-item style-2\" data-custom-content=\"off\">\n\n\t\t\t\t\t\t\t\t\t\t<img loading=\"lazy\" decoding=\"async\" class=\"size-tall skip-lazy\" src=\"https:\/\/ekitermik.com\/wp-content\/uploads\/2026\/01\/pexels-kervin-3976320-scaled.jpg\" alt=\"\" height=\"1707\" width=\"2560\" srcset=\"https:\/\/ekitermik.com\/wp-content\/uploads\/2026\/01\/pexels-kervin-3976320-scaled.jpg 2560w, https:\/\/ekitermik.com\/wp-content\/uploads\/2026\/01\/pexels-kervin-3976320-300x200.jpg 300w, https:\/\/ekitermik.com\/wp-content\/uploads\/2026\/01\/pexels-kervin-3976320-1024x683.jpg 1024w, https:\/\/ekitermik.com\/wp-content\/uploads\/2026\/01\/pexels-kervin-3976320-768x512.jpg 768w, https:\/\/ekitermik.com\/wp-content\/uploads\/2026\/01\/pexels-kervin-3976320-1536x1024.jpg 1536w, https:\/\/ekitermik.com\/wp-content\/uploads\/2026\/01\/pexels-kervin-3976320-2048x1365.jpg 2048w, https:\/\/ekitermik.com\/wp-content\/uploads\/2026\/01\/pexels-kervin-3976320-900x600.jpg 900w\" sizes=\"auto, (min-width: 1000px) 50vw, (min-width: 690px) 50vw, 100vw\" \/>\n\t\t\t\t\t\t\t\t\t\t<div class=\"work-info-bg\"><\/div>\n\t\t\t\t\t\t\t\t\t\t<div class=\"work-info\">\n\n\t\t\t\t\t\t\t\t\t\t\t\n\n\t\t\t\t\t\t\t\t\t\t\t\t\n\t\t\t\t\t\t\t\t\t\t\t\t\t<a href=\"https:\/\/ekitermik.com\/es\/portfolio\/proyecto-1\/\"><span class=\"screen-reader-text\">Proyecto 1<\/span><\/a>\n\n\t\t\t\t\t\t\t\t\t\t\t\t\n\n\t\t\t\t\t\t\t\t\t\t\t<div class=\"vert-center\">\n\t\t\t\t\t\t\t\t\t\t\t\t\t\t\t\t\t\t\t\t\t\t\t\t\t\t\t\t\t\t\t\t\t\t\t\t\t\t<h3>Proyecto 1<\/h3>\n\n\t\t\t\t\t\t\t\t\t\t\t\t\t<svg class=\"next-arrow\" xmlns=\"http:\/\/www.w3.org\/2000\/svg\" xmlns:xlink=\"http:\/\/www.w3.org\/1999\/xlink\" viewBox=\"0 0 39 12\"><line class=\"top\" x1=\"23\" y1=\"-0.5\" x2=\"29.5\" y2=\"6.5\" stroke=\"#ffffff;\"\/><line class=\"bottom\" x1=\"23\" y1=\"12.5\" x2=\"29.5\" y2=\"5.5\" stroke=\"#ffffff;\"\/><\/svg><span class=\"line\"><\/span><\/span>\n\n\t\t\t\t\t\t\t\t\t\t\t\t\t\t\t\t\t\t\t\t\t\t\t<\/div><!--\/vert-center-->\n\n\t\t\t\t\t\t\t\t\t\t<\/div>\n\t\t\t\t\t\t\t\t\t<\/div><!--work-item-->\n\n\t\t\t\t\t\t\t\t\n\n\t\t\t\t\t\t\t<\/div><!--\/inner-wrap-->\n\t\t\t\t\t\t<\/div><!--\/col-->\n\n\t\t\t\t\t\n\t\t\t\t<\/div><!--\/portfolio-->\n\t\t\t<\/div><!--\/portfolio wrap-->\n\n\t\t\t[\/vc_column][\/vc_row]\n","protected":false},"excerpt":{"rendered":"<p>[vc_row type=\u00bbfull_width_background\u00bb full_screen_row_position=\u00bbmiddle\u00bb column_margin=\u00bbdefault\u00bb column_direction=\u00bbdefault\u00bb column_direction_tablet=\u00bbdefault\u00bb column_direction_phone=\u00bbdefault\u00bb bg_image=\u00bb329&#8243; bg_image_type=\u00bbdefault\u00bb bg_position=\u00bbcenter center\u00bb background_image_loading=\u00bbdefault\u00bb bg_repeat=\u00bbno-repeat\u00bb scene_position=\u00bbcenter\u00bb text_color=\u00bbdark\u00bb text_align=\u00bbleft\u00bb row_border_radius=\u00bbnone\u00bb row_border_radius_applies=\u00bbbg\u00bb row_position_desktop=\u00bbdefault\u00bb row_position_tablet=\u00bbinherit\u00bb row_position_phone=\u00bbinherit\u00bb overflow=\u00bbvisible\u00bb overlay_strength=\u00bb0.3&#8243; gradient_direction=\u00bbleft_to_right\u00bb shape_divider_position=\u00bbbottom\u00bb bg_image_animation=\u00bbnone\u00bb gradient_type=\u00bbdefault\u00bb shape_type=\u00bb\u00bb][vc_column top_padding_desktop=\u00bb20%\u00bb constrain_group_100=\u00bbyes\u00bb&#8230;<\/p>\n","protected":false},"author":1,"featured_media":0,"parent":0,"menu_order":0,"comment_status":"closed","ping_status":"closed","template":"","meta":{"footnotes":""},"class_list":["post-24","page","type-page","status-publish"],"yoast_head":"<!-- This site is optimized with the Yoast SEO plugin v27.4 - https:\/\/yoast.com\/product\/yoast-seo-wordpress\/ -->\n<title>Trabajos realizados - Ekitermik<\/title>\n<meta name=\"robots\" content=\"index, follow, max-snippet:-1, max-image-preview:large, max-video-preview:-1\" \/>\n<link rel=\"canonical\" href=\"https:\/\/ekitermik.com\/es\/trabajos-realizados\/\" \/>\n<meta property=\"og:locale\" content=\"es_ES\" \/>\n<meta property=\"og:type\" content=\"article\" \/>\n<meta property=\"og:title\" content=\"Trabajos realizados - Ekitermik\" \/>\n<meta property=\"og:description\" content=\"[vc_row type=\u00bbfull_width_background\u00bb full_screen_row_position=\u00bbmiddle\u00bb column_margin=\u00bbdefault\u00bb column_direction=\u00bbdefault\u00bb column_direction_tablet=\u00bbdefault\u00bb column_direction_phone=\u00bbdefault\u00bb bg_image=\u00bb329&#8243; bg_image_type=\u00bbdefault\u00bb bg_position=\u00bbcenter center\u00bb background_image_loading=\u00bbdefault\u00bb bg_repeat=\u00bbno-repeat\u00bb scene_position=\u00bbcenter\u00bb text_color=\u00bbdark\u00bb text_align=\u00bbleft\u00bb row_border_radius=\u00bbnone\u00bb row_border_radius_applies=\u00bbbg\u00bb row_position_desktop=\u00bbdefault\u00bb row_position_tablet=\u00bbinherit\u00bb row_position_phone=\u00bbinherit\u00bb overflow=\u00bbvisible\u00bb overlay_strength=\u00bb0.3&#8243; gradient_direction=\u00bbleft_to_right\u00bb shape_divider_position=\u00bbbottom\u00bb bg_image_animation=\u00bbnone\u00bb gradient_type=\u00bbdefault\u00bb shape_type=\u00bb\u00bb][vc_column top_padding_desktop=\u00bb20%\u00bb constrain_group_100=\u00bbyes\u00bb...\" \/>\n<meta property=\"og:url\" content=\"https:\/\/ekitermik.com\/es\/trabajos-realizados\/\" \/>\n<meta property=\"og:site_name\" content=\"Ekitermik\" \/>\n<meta property=\"article:modified_time\" content=\"2026-01-22T12:02:56+00:00\" \/>\n<meta name=\"twitter:card\" content=\"summary_large_image\" \/>\n<script type=\"application\/ld+json\" class=\"yoast-schema-graph\">{\"@context\":\"https:\\\/\\\/schema.org\",\"@graph\":[{\"@type\":\"WebPage\",\"@id\":\"https:\\\/\\\/ekitermik.com\\\/es\\\/trabajos-realizados\\\/\",\"url\":\"https:\\\/\\\/ekitermik.com\\\/es\\\/trabajos-realizados\\\/\",\"name\":\"Trabajos realizados - Ekitermik\",\"isPartOf\":{\"@id\":\"https:\\\/\\\/ekitermik.com\\\/es\\\/#website\"},\"datePublished\":\"2026-01-09T06:26:43+00:00\",\"dateModified\":\"2026-01-22T12:02:56+00:00\",\"breadcrumb\":{\"@id\":\"https:\\\/\\\/ekitermik.com\\\/es\\\/trabajos-realizados\\\/#breadcrumb\"},\"inLanguage\":\"es\",\"potentialAction\":[{\"@type\":\"ReadAction\",\"target\":[\"https:\\\/\\\/ekitermik.com\\\/es\\\/trabajos-realizados\\\/\"]}]},{\"@type\":\"BreadcrumbList\",\"@id\":\"https:\\\/\\\/ekitermik.com\\\/es\\\/trabajos-realizados\\\/#breadcrumb\",\"itemListElement\":[{\"@type\":\"ListItem\",\"position\":1,\"name\":\"Portada\",\"item\":\"https:\\\/\\\/ekitermik.com\\\/es\\\/\"},{\"@type\":\"ListItem\",\"position\":2,\"name\":\"Trabajos realizados\"}]},{\"@type\":\"WebSite\",\"@id\":\"https:\\\/\\\/ekitermik.com\\\/es\\\/#website\",\"url\":\"https:\\\/\\\/ekitermik.com\\\/es\\\/\",\"name\":\"Ekitermik\",\"description\":\"Ekitermik analiza energ\u00e9ticamente la vivienda y propone las mejores soluciones para ahorrar energ\u00eda. Soluciones Integrales de Gesti\u00f3n y Ahorro Energ\u00e9tico.\",\"publisher\":{\"@id\":\"https:\\\/\\\/ekitermik.com\\\/es\\\/#organization\"},\"potentialAction\":[{\"@type\":\"SearchAction\",\"target\":{\"@type\":\"EntryPoint\",\"urlTemplate\":\"https:\\\/\\\/ekitermik.com\\\/es\\\/?s={search_term_string}\"},\"query-input\":{\"@type\":\"PropertyValueSpecification\",\"valueRequired\":true,\"valueName\":\"search_term_string\"}}],\"inLanguage\":\"es\"},{\"@type\":\"Organization\",\"@id\":\"https:\\\/\\\/ekitermik.com\\\/es\\\/#organization\",\"name\":\"Ekitermik\",\"url\":\"https:\\\/\\\/ekitermik.com\\\/es\\\/\",\"logo\":{\"@type\":\"ImageObject\",\"inLanguage\":\"es\",\"@id\":\"https:\\\/\\\/ekitermik.com\\\/es\\\/#\\\/schema\\\/logo\\\/image\\\/\",\"url\":\"https:\\\/\\\/staging.ekitermik.com\\\/wp-content\\\/uploads\\\/2026\\\/01\\\/ekitermik-logotipoa.png\",\"contentUrl\":\"https:\\\/\\\/staging.ekitermik.com\\\/wp-content\\\/uploads\\\/2026\\\/01\\\/ekitermik-logotipoa.png\",\"width\":653,\"height\":140,\"caption\":\"Ekitermik\"},\"image\":{\"@id\":\"https:\\\/\\\/ekitermik.com\\\/es\\\/#\\\/schema\\\/logo\\\/image\\\/\"}}]}<\/script>\n<!-- \/ Yoast SEO plugin. -->","yoast_head_json":{"title":"Trabajos realizados - Ekitermik","robots":{"index":"index","follow":"follow","max-snippet":"max-snippet:-1","max-image-preview":"max-image-preview:large","max-video-preview":"max-video-preview:-1"},"canonical":"https:\/\/ekitermik.com\/es\/trabajos-realizados\/","og_locale":"es_ES","og_type":"article","og_title":"Trabajos realizados - Ekitermik","og_description":"[vc_row type=\u00bbfull_width_background\u00bb full_screen_row_position=\u00bbmiddle\u00bb column_margin=\u00bbdefault\u00bb column_direction=\u00bbdefault\u00bb column_direction_tablet=\u00bbdefault\u00bb column_direction_phone=\u00bbdefault\u00bb bg_image=\u00bb329&#8243; bg_image_type=\u00bbdefault\u00bb bg_position=\u00bbcenter center\u00bb background_image_loading=\u00bbdefault\u00bb bg_repeat=\u00bbno-repeat\u00bb scene_position=\u00bbcenter\u00bb text_color=\u00bbdark\u00bb text_align=\u00bbleft\u00bb row_border_radius=\u00bbnone\u00bb row_border_radius_applies=\u00bbbg\u00bb row_position_desktop=\u00bbdefault\u00bb row_position_tablet=\u00bbinherit\u00bb row_position_phone=\u00bbinherit\u00bb overflow=\u00bbvisible\u00bb overlay_strength=\u00bb0.3&#8243; gradient_direction=\u00bbleft_to_right\u00bb shape_divider_position=\u00bbbottom\u00bb bg_image_animation=\u00bbnone\u00bb gradient_type=\u00bbdefault\u00bb shape_type=\u00bb\u00bb][vc_column top_padding_desktop=\u00bb20%\u00bb constrain_group_100=\u00bbyes\u00bb...","og_url":"https:\/\/ekitermik.com\/es\/trabajos-realizados\/","og_site_name":"Ekitermik","article_modified_time":"2026-01-22T12:02:56+00:00","twitter_card":"summary_large_image","schema":{"@context":"https:\/\/schema.org","@graph":[{"@type":"WebPage","@id":"https:\/\/ekitermik.com\/es\/trabajos-realizados\/","url":"https:\/\/ekitermik.com\/es\/trabajos-realizados\/","name":"Trabajos realizados - Ekitermik","isPartOf":{"@id":"https:\/\/ekitermik.com\/es\/#website"},"datePublished":"2026-01-09T06:26:43+00:00","dateModified":"2026-01-22T12:02:56+00:00","breadcrumb":{"@id":"https:\/\/ekitermik.com\/es\/trabajos-realizados\/#breadcrumb"},"inLanguage":"es","potentialAction":[{"@type":"ReadAction","target":["https:\/\/ekitermik.com\/es\/trabajos-realizados\/"]}]},{"@type":"BreadcrumbList","@id":"https:\/\/ekitermik.com\/es\/trabajos-realizados\/#breadcrumb","itemListElement":[{"@type":"ListItem","position":1,"name":"Portada","item":"https:\/\/ekitermik.com\/es\/"},{"@type":"ListItem","position":2,"name":"Trabajos realizados"}]},{"@type":"WebSite","@id":"https:\/\/ekitermik.com\/es\/#website","url":"https:\/\/ekitermik.com\/es\/","name":"Ekitermik","description":"Ekitermik analiza energ\u00e9ticamente la vivienda y propone las mejores soluciones para ahorrar energ\u00eda. Soluciones Integrales de Gesti\u00f3n y Ahorro Energ\u00e9tico.","publisher":{"@id":"https:\/\/ekitermik.com\/es\/#organization"},"potentialAction":[{"@type":"SearchAction","target":{"@type":"EntryPoint","urlTemplate":"https:\/\/ekitermik.com\/es\/?s={search_term_string}"},"query-input":{"@type":"PropertyValueSpecification","valueRequired":true,"valueName":"search_term_string"}}],"inLanguage":"es"},{"@type":"Organization","@id":"https:\/\/ekitermik.com\/es\/#organization","name":"Ekitermik","url":"https:\/\/ekitermik.com\/es\/","logo":{"@type":"ImageObject","inLanguage":"es","@id":"https:\/\/ekitermik.com\/es\/#\/schema\/logo\/image\/","url":"https:\/\/staging.ekitermik.com\/wp-content\/uploads\/2026\/01\/ekitermik-logotipoa.png","contentUrl":"https:\/\/staging.ekitermik.com\/wp-content\/uploads\/2026\/01\/ekitermik-logotipoa.png","width":653,"height":140,"caption":"Ekitermik"},"image":{"@id":"https:\/\/ekitermik.com\/es\/#\/schema\/logo\/image\/"}}]}},"_links":{"self":[{"href":"https:\/\/ekitermik.com\/es\/wp-json\/wp\/v2\/pages\/24","targetHints":{"allow":["GET"]}}],"collection":[{"href":"https:\/\/ekitermik.com\/es\/wp-json\/wp\/v2\/pages"}],"about":[{"href":"https:\/\/ekitermik.com\/es\/wp-json\/wp\/v2\/types\/page"}],"author":[{"embeddable":true,"href":"https:\/\/ekitermik.com\/es\/wp-json\/wp\/v2\/users\/1"}],"replies":[{"embeddable":true,"href":"https:\/\/ekitermik.com\/es\/wp-json\/wp\/v2\/comments?post=24"}],"version-history":[{"count":7,"href":"https:\/\/ekitermik.com\/es\/wp-json\/wp\/v2\/pages\/24\/revisions"}],"predecessor-version":[{"id":330,"href":"https:\/\/ekitermik.com\/es\/wp-json\/wp\/v2\/pages\/24\/revisions\/330"}],"wp:attachment":[{"href":"https:\/\/ekitermik.com\/es\/wp-json\/wp\/v2\/media?parent=24"}],"curies":[{"name":"wp","href":"https:\/\/api.w.org\/{rel}","templated":true}]}}